{"id":2192,"date":"2025-06-17T00:31:12","date_gmt":"2025-06-17T00:31:12","guid":{"rendered":"https:\/\/acessorias.com\/?page_id=2192"},"modified":"2026-03-25T17:52:39","modified_gmt":"2026-03-25T14:52:39","slug":"demonstracao","status":"publish","type":"page","link":"https:\/\/acessorias.com\/site\/demonstracao\/","title":{"rendered":"Demonstra\u00e7\u00e3o"},"content":{"rendered":"\t\t<div data-elementor-type=\"wp-page\" data-elementor-id=\"2192\" class=\"elementor elementor-2192\" data-elementor-post-type=\"page\">\n\t\t\t\t<div class=\"elementor-element elementor-element-6bcf9c96 e-con-full meu-banner e-flex e-con e-parent\" data-id=\"6bcf9c96\" data-element_type=\"container\">\n\t\t\t\t<div class=\"elementor-element elementor-element-5bb361e5 elementor-widget elementor-widget-image\" data-id=\"5bb361e5\" data-element_type=\"widget\" data-widget_type=\"image.default\">\n\t\t\t\t<div class=\"elementor-widget-container\">\n\t\t\t\t\t\t\t\t\t\t\t\t\t\t\t<img fetchpriority=\"high\" decoding=\"async\" width=\"2160\" height=\"524\" src=\"https:\/\/acessorias.com\/site\/wp-content\/uploads\/2025\/06\/bannerDemostracao.jpg\" class=\"attachment-full size-full wp-image-901\" alt=\"\" srcset=\"https:\/\/acessorias.com\/site\/wp-content\/uploads\/2025\/06\/bannerDemostracao.jpg 2160w, https:\/\/acessorias.com\/site\/wp-content\/uploads\/2025\/06\/bannerDemostracao-300x73.jpg 300w, https:\/\/acessorias.com\/site\/wp-content\/uploads\/2025\/06\/bannerDemostracao-1024x248.jpg 1024w, https:\/\/acessorias.com\/site\/wp-content\/uploads\/2025\/06\/bannerDemostracao-768x186.jpg 768w, https:\/\/acessorias.com\/site\/wp-content\/uploads\/2025\/06\/bannerDemostracao-1536x373.jpg 1536w, https:\/\/acessorias.com\/site\/wp-content\/uploads\/2025\/06\/bannerDemostracao-2048x497.jpg 2048w\" sizes=\"(max-width: 2160px) 100vw, 2160px\" \/>\t\t\t\t\t\t\t\t\t\t\t\t\t\t\t<\/div>\n\t\t\t\t<\/div>\n\t\t\t\t<div class=\"elementor-element elementor-element-3386f474 elementor-absolute elementor-widget elementor-widget-image\" data-id=\"3386f474\" data-element_type=\"widget\" data-settings=\"{&quot;_position&quot;:&quot;absolute&quot;}\" data-widget_type=\"image.default\">\n\t\t\t\t<div class=\"elementor-widget-container\">\n\t\t\t\t\t\t\t\t\t\t\t\t\t\t\t<img decoding=\"async\" width=\"800\" height=\"388\" src=\"https:\/\/acessorias.com\/site\/wp-content\/uploads\/2025\/06\/iconBanner-1024x497.png\" class=\"attachment-large size-large wp-image-2325\" alt=\"\" srcset=\"https:\/\/acessorias.com\/site\/wp-content\/uploads\/2025\/06\/iconBanner-1024x497.png 1024w, https:\/\/acessorias.com\/site\/wp-content\/uploads\/2025\/06\/iconBanner-300x146.png 300w, https:\/\/acessorias.com\/site\/wp-content\/uploads\/2025\/06\/iconBanner-768x373.png 768w, https:\/\/acessorias.com\/site\/wp-content\/uploads\/2025\/06\/iconBanner.png 1080w\" sizes=\"(max-width: 800px) 100vw, 800px\" \/>\t\t\t\t\t\t\t\t\t\t\t\t\t\t\t<\/div>\n\t\t\t\t<\/div>\n\t\t<div class=\"elementor-element elementor-element-5eefad13 e-flex e-con-boxed e-con e-child\" data-id=\"5eefad13\" data-element_type=\"container\" data-settings=\"{&quot;position&quot;:&quot;absolute&quot;}\">\n\t\t\t\t\t<div class=\"e-con-inner\">\n\t\t\t\t<div class=\"elementor-element elementor-element-7651e4a1 elementor-widget elementor-widget-heading\" data-id=\"7651e4a1\" data-element_type=\"widget\" data-widget_type=\"heading.default\">\n\t\t\t\t<div class=\"elementor-widget-container\">\n\t\t\t\t\t<h2 class=\"elementor-heading-title elementor-size-default\">Demostra\u00e7\u00e3o<\/h2>\t\t\t\t<\/div>\n\t\t\t\t<\/div>\n\t\t\t\t<div class=\"elementor-element elementor-element-74d0988 elementor-widget elementor-widget-html\" data-id=\"74d0988\" data-element_type=\"widget\" data-widget_type=\"html.default\">\n\t\t\t\t<div class=\"elementor-widget-container\">\n\t\t\t\t\t\r\n<span class=\"linha\"><\/span>\t\t\t\t<\/div>\n\t\t\t\t<\/div>\n\t\t\t\t<div class=\"elementor-element elementor-element-36c80d9d elementor-widget elementor-widget-text-editor\" data-id=\"36c80d9d\" data-element_type=\"widget\" data-widget_type=\"text-editor.default\">\n\t\t\t\t<div class=\"elementor-widget-container\">\n\t\t\t\t\t\t\t\t\t<p>Demonstra\u00e7\u00e3o\u00a0<strong>da plataforma<\/strong><\/p>\n\t\t\t\t\t\t\t\t<\/div>\n\t\t\t\t<\/div>\n\t\t\t\t\t<\/div>\n\t\t\t\t<\/div>\n\t\t\t\t<\/div>\n\t\t<div class=\"elementor-element elementor-element-55c15e7 e-flex e-con-boxed e-con e-parent\" data-id=\"55c15e7\" data-element_type=\"container\">\n\t\t\t\t\t<div class=\"e-con-inner\">\n\t\t<div class=\"elementor-element elementor-element-cc5c2d7 e-con-full e-flex e-con e-child\" data-id=\"cc5c2d7\" data-element_type=\"container\">\n\t\t<div class=\"elementor-element elementor-element-a597d51 e-con-full e-flex e-con e-child\" data-id=\"a597d51\" data-element_type=\"container\">\n\t\t\t\t<div class=\"elementor-element elementor-element-d693bc5 elementor-widget__width-inherit text elementor-widget elementor-widget-text-editor\" data-id=\"d693bc5\" data-element_type=\"widget\" data-widget_type=\"text-editor.default\">\n\t\t\t\t<div class=\"elementor-widget-container\">\n\t\t\t\t\t\t\t\t\t<p class=\"font-primary text-[34px] leading-[37px] text-primary text-center xl:text-left font-light title whitespace-pre-line\">VEJA O QUE O ACESS\u00d3RIAS <br \/><strong>PODE FAZER POR VOC\u00ca E SUA EMPRESA!<\/strong><\/p>\t\t\t\t\t\t\t\t<\/div>\n\t\t\t\t<\/div>\n\t\t\t\t<div class=\"elementor-element elementor-element-fe4743d elementor-widget elementor-widget-html\" data-id=\"fe4743d\" data-element_type=\"widget\" data-widget_type=\"html.default\">\n\t\t\t\t<div class=\"elementor-widget-container\">\n\t\t\t\t\t<span class=\"linha\"><\/span>\t\t\t\t<\/div>\n\t\t\t\t<\/div>\n\t\t\t\t<\/div>\n\t\t\t\t<div class=\"elementor-element elementor-element-06cf232 elementor-widget__width-initial elementor-widget elementor-widget-text-editor\" data-id=\"06cf232\" data-element_type=\"widget\" data-widget_type=\"text-editor.default\">\n\t\t\t\t<div class=\"elementor-widget-container\">\n\t\t\t\t\t\t\t\t\t<p class=\"font-secondary text-[15px] leading-7 text-black\/50 text-center md:text-left summary mb-8 w-full xl:w-[514px]\">As nossas funcionalidades podem transformar a gest\u00e3o, os processos e o dia a dia da sua empresa cont\u00e1bil. Preencha o formul\u00e1rio e aguarde um dos nossos especialistas entrar em contato.<\/p>\t\t\t\t\t\t\t\t<\/div>\n\t\t\t\t<\/div>\n\t\t\t\t<\/div>\n\t\t<div class=\"elementor-element elementor-element-152f882 e-con-full e-flex e-con e-child\" data-id=\"152f882\" data-element_type=\"container\" id=\"cont-img\">\n\t\t<div class=\"elementor-element elementor-element-7a3d76d e-con-full bloco-imagens e-flex e-con e-child\" data-id=\"7a3d76d\" data-element_type=\"container\">\n\t\t\t\t<div class=\"elementor-element elementor-element-6752163 elementor-widget elementor-widget-image\" data-id=\"6752163\" data-element_type=\"widget\" data-widget_type=\"image.default\">\n\t\t\t\t<div class=\"elementor-widget-container\">\n\t\t\t\t\t\t\t\t\t\t\t\t\t\t\t<img decoding=\"async\" width=\"800\" height=\"914\" src=\"https:\/\/acessorias.com\/site\/wp-content\/uploads\/2025\/09\/tela-02-teste-copiar-1-896x1024.png\" class=\"attachment-large size-large wp-image-9378\" alt=\"\" srcset=\"https:\/\/acessorias.com\/site\/wp-content\/uploads\/2025\/09\/tela-02-teste-copiar-1-896x1024.png 896w, https:\/\/acessorias.com\/site\/wp-content\/uploads\/2025\/09\/tela-02-teste-copiar-1-263x300.png 263w, https:\/\/acessorias.com\/site\/wp-content\/uploads\/2025\/09\/tela-02-teste-copiar-1-768x878.png 768w, https:\/\/acessorias.com\/site\/wp-content\/uploads\/2025\/09\/tela-02-teste-copiar-1-1344x1536.png 1344w, https:\/\/acessorias.com\/site\/wp-content\/uploads\/2025\/09\/tela-02-teste-copiar-1.png 1648w\" sizes=\"(max-width: 800px) 100vw, 800px\" \/>\t\t\t\t\t\t\t\t\t\t\t\t\t\t\t<\/div>\n\t\t\t\t<\/div>\n\t\t\t\t<\/div>\n\t\t<div class=\"elementor-element elementor-element-483552b e-con-full e-flex e-con e-child\" data-id=\"483552b\" data-element_type=\"container\">\n\t\t\t\t<div class=\"elementor-element elementor-element-612aa5f elementor-button-align-stretch elementor-widget elementor-widget-form\" data-id=\"612aa5f\" data-element_type=\"widget\" id=\"form-demostration\" data-settings=\"{&quot;step_next_label&quot;:&quot;Pr\\u00f3ximo&quot;,&quot;step_previous_label&quot;:&quot;Anterior&quot;,&quot;button_width&quot;:&quot;25&quot;,&quot;step_type&quot;:&quot;number_text&quot;,&quot;step_icon_shape&quot;:&quot;circle&quot;}\" data-widget_type=\"form.default\">\n\t\t\t\t<div class=\"elementor-widget-container\">\n\t\t\t\t\t\t\t<form class=\"elementor-form\" method=\"post\" name=\"Demonstra\u00e7\u00e3o\" aria-label=\"Demonstra\u00e7\u00e3o\">\n\t\t\t<input type=\"hidden\" name=\"post_id\" value=\"2192\"\/>\n\t\t\t<input type=\"hidden\" name=\"form_id\" value=\"612aa5f\"\/>\n\t\t\t<input type=\"hidden\" name=\"referer_title\" value=\"Demonstra\u00e7\u00e3o - Acess\u00f3rias\" \/>\n\n\t\t\t\t\t\t\t<input type=\"hidden\" name=\"queried_id\" value=\"2192\"\/>\n\t\t\t\n\t\t\t<div class=\"elementor-form-fields-wrapper elementor-labels-above\">\n\t\t\t\t\t\t\t\t<div class=\"elementor-field-type-text elementor-field-group elementor-column elementor-field-group-name elementor-col-100 elementor-field-required elementor-mark-required\">\n\t\t\t\t\t\t\t\t\t\t\t\t<label for=\"form-field-name\" class=\"elementor-field-label\">\n\t\t\t\t\t\t\t\tNome\t\t\t\t\t\t\t<\/label>\n\t\t\t\t\t\t\t\t\t\t\t\t\t\t<input size=\"1\" type=\"text\" name=\"form_fields[name]\" id=\"form-field-name\" class=\"elementor-field elementor-size-md  elementor-field-textual\" placeholder=\"Nome\" required=\"required\">\n\t\t\t\t\t\t\t\t\t\t\t<\/div>\n\t\t\t\t\t\t\t\t<div class=\"elementor-field-type-text elementor-field-group elementor-column elementor-field-group-phone elementor-col-100 elementor-field-required elementor-mark-required\">\n\t\t\t\t\t\t\t\t\t\t\t\t<label for=\"form-field-phone\" class=\"elementor-field-label\">\n\t\t\t\t\t\t\t\tCelular\t\t\t\t\t\t\t<\/label>\n\t\t\t\t\t\t\t\t\t\t\t\t\t\t<input size=\"1\" type=\"text\" name=\"form_fields[phone]\" id=\"form-field-phone\" class=\"elementor-field elementor-size-md  elementor-field-textual\" required=\"required\">\n\t\t\t\t\t\t\t\t\t\t\t<\/div>\n\t\t\t\t\t\t\t\t<div class=\"elementor-field-type-email elementor-field-group elementor-column elementor-field-group-email elementor-col-100 elementor-field-required elementor-mark-required\">\n\t\t\t\t\t\t\t\t\t\t\t\t<label for=\"form-field-email\" class=\"elementor-field-label\">\n\t\t\t\t\t\t\t\tE-mail\t\t\t\t\t\t\t<\/label>\n\t\t\t\t\t\t\t\t\t\t\t\t\t\t<input size=\"1\" type=\"email\" name=\"form_fields[email]\" id=\"form-field-email\" class=\"elementor-field elementor-size-md  elementor-field-textual\" placeholder=\"E-mail\" required=\"required\">\n\t\t\t\t\t\t\t\t\t\t\t<\/div>\n\t\t\t\t\t\t\t\t<div class=\"elementor-field-type-text elementor-field-group elementor-column elementor-field-group-telefone elementor-col-100\">\n\t\t\t\t\t\t\t\t\t\t\t\t<label for=\"form-field-telefone\" class=\"elementor-field-label\">\n\t\t\t\t\t\t\t\tTelefone\t\t\t\t\t\t\t<\/label>\n\t\t\t\t\t\t\t\t\t\t\t\t\t\t<input size=\"1\" type=\"text\" name=\"form_fields[telefone]\" id=\"form-field-telefone\" class=\"elementor-field elementor-size-md  elementor-field-textual\">\n\t\t\t\t\t\t\t\t\t\t\t<\/div>\n\t\t\t\t\t\t\t\t<div class=\"elementor-field-type-select elementor-field-group elementor-column elementor-field-group-feature_category_select elementor-col-100 elementor-field-required elementor-mark-required\">\n\t\t\t\t\t\t\t\t\t\t\t\t<label for=\"form-field-feature_category_select\" class=\"elementor-field-label\">\n\t\t\t\t\t\t\t\tQue produto voc\u00ea deseja conhecer? \t\t\t\t\t\t\t<\/label>\n\t\t\t\t\t\t\t\t<div class=\"elementor-field elementor-select-wrapper remove-before \">\n\t\t\t<div class=\"select-caret-down-wrapper\">\n\t\t\t\t<svg aria-hidden=\"true\" class=\"e-font-icon-svg e-eicon-caret-down\" viewBox=\"0 0 571.4 571.4\" xmlns=\"http:\/\/www.w3.org\/2000\/svg\"><path d=\"M571 393Q571 407 561 418L311 668Q300 679 286 679T261 668L11 418Q0 407 0 393T11 368 36 357H536Q550 357 561 368T571 393Z\"><\/path><\/svg>\t\t\t<\/div>\n\t\t\t<select name=\"form_fields[feature_category_select]\" id=\"form-field-feature_category_select\" class=\"elementor-field-textual elementor-size-md\" required=\"required\">\n\t\t\t\t\t\t\t\t\t<option value=\"Selecione uma op\u00e7\u00e3o\">Selecione uma op\u00e7\u00e3o<\/option>\n\t\t\t\t\t\t\t\t\t<option value=\"Acess\u00f3rias\">Acess\u00f3rias<\/option>\n\t\t\t\t\t\t\t\t\t<option value=\"Acess\u00f3rias Docs\">Acess\u00f3rias Docs<\/option>\n\t\t\t\t\t\t\t\t\t<option value=\"Komunic\">Komunic<\/option>\n\t\t\t\t\t\t\t\t\t<option value=\"Aplicativo e \u00c1rea VIP\">Aplicativo e \u00c1rea VIP<\/option>\n\t\t\t\t\t\t\t<\/select>\n\t\t<\/div>\n\t\t\t\t\t\t<\/div>\n\t\t\t\t\t\t\t\t<div class=\"elementor-field-type-acceptance elementor-field-group elementor-column elementor-field-group-aceite elementor-col-100\">\n\t\t\t\t\t\t\t\t\t\t\t\t<label for=\"form-field-aceite\" class=\"elementor-field-label\">\n\t\t\t\t\t\t\t\tAceite\t\t\t\t\t\t\t<\/label>\n\t\t\t\t\t\t\t\t<div class=\"elementor-field-subgroup\">\n\t\t\t<span class=\"elementor-field-option\">\n\t\t\t\t<input type=\"checkbox\" name=\"form_fields[aceite]\" id=\"form-field-aceite\" class=\"elementor-field elementor-size-md  elementor-acceptance-field\">\n\t\t\t\t<label for=\"form-field-aceite\"><a href=\"https:\/\/conteudos.acessorias.com\/politica-de-privacidade?_gl=1*v3uoty*_gcl_au*ODAwNjYzNjE5LjE3MjY2Njc4NDI.*_ga*MjA1MTU1ODIxOS4xNzI2NjY3Njky*_ga_NZM5ZDJYL1*MTcyOTAyNDMzNi40NS4xLjE3MjkwMjU2MjYuNjAuMC4w\" target=\"_blank\" rel=\"noopener noreferrer\">Eu autorizo o envio, para o e-mail acima informado, de comunica\u00e7\u00f5es de marketing, incluindo e-mails promocionais, newsletters, ofertas e informa\u00e7\u00f5es sobre produtos ou servi\u00e7os da Acess\u00f3rias.<span class=\"line\">Pol\u00edtica de Privacidade da Acess\u00f3rias<\/span><\/a><\/label>\t\t\t<\/span>\n\t\t<\/div>\n\t\t\t\t\t\t<\/div>\n\t\t\t\t\t\t\t\t<div class=\"elementor-field-group elementor-column elementor-field-type-submit elementor-col-25 e-form__buttons\">\n\t\t\t\t\t<button class=\"elementor-button elementor-size-sm\" type=\"submit\">\n\t\t\t\t\t\t<span class=\"elementor-button-content-wrapper\">\n\t\t\t\t\t\t\t\t\t\t\t\t\t\t\t\t\t\t\t\t\t\t<span class=\"elementor-button-text\">Enviar<\/span>\n\t\t\t\t\t\t\t\t\t\t\t\t\t<\/span>\n\t\t\t\t\t<\/button>\n\t\t\t\t<\/div>\n\t\t\t<\/div>\n\t\t<\/form>\n\t\t\t\t\t\t<\/div>\n\t\t\t\t<\/div>\n\t\t\t\t<\/div>\n\t\t\t\t<\/div>\n\t\t\t\t\t<\/div>\n\t\t\t\t<\/div>\n\t\t\t\t<\/div>\n\t\t","protected":false},"excerpt":{"rendered":"<p>VEJA O QUE O ACESS\u00d3RIAS PODE FAZER POR VOC\u00ca E SUA EMPRESA! As nossas funcionalidades podem transformar a gest\u00e3o, os processos e o dia a dia da sua empresa cont\u00e1bil. Preencha o formul\u00e1rio e aguarde um dos nossos especialistas entrar em contato.<\/p>\n","protected":false},"author":7,"featured_media":0,"parent":0,"menu_order":12,"comment_status":"closed","ping_status":"closed","template":"","meta":{"_acf_changed":false,"footnotes":""},"class_list":["post-2192","page","type-page","status-publish","hentry"],"acf":[],"yoast_head":"<!-- This site is optimized with the Yoast SEO plugin v25.4 - https:\/\/yoast.com\/wordpress\/plugins\/seo\/ -->\n<title>Demonstra\u00e7\u00e3o - Acess\u00f3rias<\/title>\n<meta name=\"robots\" content=\"index, follow, max-snippet:-1, max-image-preview:large, max-video-preview:-1\" \/>\n<link rel=\"canonical\" href=\"https:\/\/acessorias.com\/site\/demonstracao\/\" \/>\n<meta property=\"og:locale\" content=\"pt_BR\" \/>\n<meta property=\"og:type\" content=\"article\" \/>\n<meta property=\"og:title\" content=\"Demonstra\u00e7\u00e3o - Acess\u00f3rias\" \/>\n<meta property=\"og:description\" content=\"VEJA O QUE O ACESS\u00d3RIAS PODE FAZER POR VOC\u00ca E SUA EMPRESA! As nossas funcionalidades podem transformar a gest\u00e3o, os processos e o dia a dia da sua empresa cont\u00e1bil. Preencha o formul\u00e1rio e aguarde um dos nossos especialistas entrar em contato.\" \/>\n<meta property=\"og:url\" content=\"https:\/\/acessorias.com\/site\/demonstracao\/\" \/>\n<meta property=\"og:site_name\" content=\"Acess\u00f3rias\" \/>\n<meta property=\"article:modified_time\" content=\"2026-03-25T14:52:39+00:00\" \/>\n<meta property=\"og:image\" content=\"https:\/\/acessorias.com\/site\/wp-content\/uploads\/2025\/06\/iconBanner-1024x497.png\" \/>\n<meta name=\"twitter:card\" content=\"summary_large_image\" \/>\n<script type=\"application\/ld+json\" class=\"yoast-schema-graph\">{\"@context\":\"https:\/\/schema.org\",\"@graph\":[{\"@type\":\"WebPage\",\"@id\":\"https:\/\/acessorias.com\/site\/demonstracao\/\",\"url\":\"https:\/\/acessorias.com\/site\/demonstracao\/\",\"name\":\"Demonstra\u00e7\u00e3o - Acess\u00f3rias\",\"isPartOf\":{\"@id\":\"https:\/\/acessorias.com\/site\/#website\"},\"primaryImageOfPage\":{\"@id\":\"https:\/\/acessorias.com\/site\/demonstracao\/#primaryimage\"},\"image\":{\"@id\":\"https:\/\/acessorias.com\/site\/demonstracao\/#primaryimage\"},\"thumbnailUrl\":\"https:\/\/acessorias.com\/site\/wp-content\/uploads\/2025\/06\/iconBanner-1024x497.png\",\"datePublished\":\"2025-06-17T00:31:12+00:00\",\"dateModified\":\"2026-03-25T14:52:39+00:00\",\"breadcrumb\":{\"@id\":\"https:\/\/acessorias.com\/site\/demonstracao\/#breadcrumb\"},\"inLanguage\":\"pt-BR\",\"potentialAction\":[{\"@type\":\"ReadAction\",\"target\":[\"https:\/\/acessorias.com\/site\/demonstracao\/\"]}]},{\"@type\":\"ImageObject\",\"inLanguage\":\"pt-BR\",\"@id\":\"https:\/\/acessorias.com\/site\/demonstracao\/#primaryimage\",\"url\":\"https:\/\/acessorias.com\/site\/wp-content\/uploads\/2025\/06\/iconBanner.png\",\"contentUrl\":\"https:\/\/acessorias.com\/site\/wp-content\/uploads\/2025\/06\/iconBanner.png\",\"width\":1080,\"height\":524},{\"@type\":\"BreadcrumbList\",\"@id\":\"https:\/\/acessorias.com\/site\/demonstracao\/#breadcrumb\",\"itemListElement\":[{\"@type\":\"ListItem\",\"position\":1,\"name\":\"In\u00edcio\",\"item\":\"https:\/\/acessorias.com\/site\/\"},{\"@type\":\"ListItem\",\"position\":2,\"name\":\"Demonstra\u00e7\u00e3o\"}]},{\"@type\":\"WebSite\",\"@id\":\"https:\/\/acessorias.com\/site\/#website\",\"url\":\"https:\/\/acessorias.com\/site\/\",\"name\":\"Acess\u00f3rias\",\"description\":\"Software para gest\u00e3o de contabilidades\",\"potentialAction\":[{\"@type\":\"SearchAction\",\"target\":{\"@type\":\"EntryPoint\",\"urlTemplate\":\"https:\/\/acessorias.com\/site\/?s={search_term_string}\"},\"query-input\":{\"@type\":\"PropertyValueSpecification\",\"valueRequired\":true,\"valueName\":\"search_term_string\"}}],\"inLanguage\":\"pt-BR\"}]}<\/script>\n<!-- \/ Yoast SEO plugin. -->","yoast_head_json":{"title":"Demonstra\u00e7\u00e3o - Acess\u00f3rias","robots":{"index":"index","follow":"follow","max-snippet":"max-snippet:-1","max-image-preview":"max-image-preview:large","max-video-preview":"max-video-preview:-1"},"canonical":"https:\/\/acessorias.com\/site\/demonstracao\/","og_locale":"pt_BR","og_type":"article","og_title":"Demonstra\u00e7\u00e3o - Acess\u00f3rias","og_description":"VEJA O QUE O ACESS\u00d3RIAS PODE FAZER POR VOC\u00ca E SUA EMPRESA! As nossas funcionalidades podem transformar a gest\u00e3o, os processos e o dia a dia da sua empresa cont\u00e1bil. Preencha o formul\u00e1rio e aguarde um dos nossos especialistas entrar em contato.","og_url":"https:\/\/acessorias.com\/site\/demonstracao\/","og_site_name":"Acess\u00f3rias","article_modified_time":"2026-03-25T14:52:39+00:00","og_image":[{"url":"https:\/\/acessorias.com\/site\/wp-content\/uploads\/2025\/06\/iconBanner-1024x497.png","type":"","width":"","height":""}],"twitter_card":"summary_large_image","schema":{"@context":"https:\/\/schema.org","@graph":[{"@type":"WebPage","@id":"https:\/\/acessorias.com\/site\/demonstracao\/","url":"https:\/\/acessorias.com\/site\/demonstracao\/","name":"Demonstra\u00e7\u00e3o - Acess\u00f3rias","isPartOf":{"@id":"https:\/\/acessorias.com\/site\/#website"},"primaryImageOfPage":{"@id":"https:\/\/acessorias.com\/site\/demonstracao\/#primaryimage"},"image":{"@id":"https:\/\/acessorias.com\/site\/demonstracao\/#primaryimage"},"thumbnailUrl":"https:\/\/acessorias.com\/site\/wp-content\/uploads\/2025\/06\/iconBanner-1024x497.png","datePublished":"2025-06-17T00:31:12+00:00","dateModified":"2026-03-25T14:52:39+00:00","breadcrumb":{"@id":"https:\/\/acessorias.com\/site\/demonstracao\/#breadcrumb"},"inLanguage":"pt-BR","potentialAction":[{"@type":"ReadAction","target":["https:\/\/acessorias.com\/site\/demonstracao\/"]}]},{"@type":"ImageObject","inLanguage":"pt-BR","@id":"https:\/\/acessorias.com\/site\/demonstracao\/#primaryimage","url":"https:\/\/acessorias.com\/site\/wp-content\/uploads\/2025\/06\/iconBanner.png","contentUrl":"https:\/\/acessorias.com\/site\/wp-content\/uploads\/2025\/06\/iconBanner.png","width":1080,"height":524},{"@type":"BreadcrumbList","@id":"https:\/\/acessorias.com\/site\/demonstracao\/#breadcrumb","itemListElement":[{"@type":"ListItem","position":1,"name":"In\u00edcio","item":"https:\/\/acessorias.com\/site\/"},{"@type":"ListItem","position":2,"name":"Demonstra\u00e7\u00e3o"}]},{"@type":"WebSite","@id":"https:\/\/acessorias.com\/site\/#website","url":"https:\/\/acessorias.com\/site\/","name":"Acess\u00f3rias","description":"Software para gest\u00e3o de contabilidades","potentialAction":[{"@type":"SearchAction","target":{"@type":"EntryPoint","urlTemplate":"https:\/\/acessorias.com\/site\/?s={search_term_string}"},"query-input":{"@type":"PropertyValueSpecification","valueRequired":true,"valueName":"search_term_string"}}],"inLanguage":"pt-BR"}]}},"_links":{"self":[{"href":"https:\/\/acessorias.com\/site\/wp-json\/wp\/v2\/pages\/2192","targetHints":{"allow":["GET"]}}],"collection":[{"href":"https:\/\/acessorias.com\/site\/wp-json\/wp\/v2\/pages"}],"about":[{"href":"https:\/\/acessorias.com\/site\/wp-json\/wp\/v2\/types\/page"}],"author":[{"embeddable":true,"href":"https:\/\/acessorias.com\/site\/wp-json\/wp\/v2\/users\/7"}],"replies":[{"embeddable":true,"href":"https:\/\/acessorias.com\/site\/wp-json\/wp\/v2\/comments?post=2192"}],"version-history":[{"count":90,"href":"https:\/\/acessorias.com\/site\/wp-json\/wp\/v2\/pages\/2192\/revisions"}],"predecessor-version":[{"id":11001,"href":"https:\/\/acessorias.com\/site\/wp-json\/wp\/v2\/pages\/2192\/revisions\/11001"}],"wp:attachment":[{"href":"https:\/\/acessorias.com\/site\/wp-json\/wp\/v2\/media?parent=2192"}],"curies":[{"name":"wp","href":"https:\/\/api.w.org\/{rel}","templated":true}]}}